{"id":844,"date":"2025-04-21T12:03:02","date_gmt":"2025-04-21T12:03:02","guid":{"rendered":"https:\/\/www.mancomunidadpantuena.org\/?page_id=844"},"modified":"2025-04-21T12:07:55","modified_gmt":"2025-04-21T12:07:55","slug":"memoria-centro-servicios-sociales-2024","status":"publish","type":"page","link":"https:\/\/www.mancomunidadpantuena.org\/index.php\/memoria-centro-servicios-sociales-2024\/","title":{"rendered":"MEMORIA CENTRO SERVICIOS SOCIALES 2024"},"content":{"rendered":"\n<p>La memoria que a continuaci\u00f3n se presenta pretende reflejar, a partir de los datos que las profesionales de los Servicios Sociales de Atenci\u00f3n Primaria han registrado en la aplicaci\u00f3n \u201cSistema de Informaci\u00f3n de Usuarios de Servicios Sociales\u201d (en adelante SIUSS), una aproximaci\u00f3n a la realidad del trabajo realizado en la Mancomunidad durante el a\u00f1o 2024, en la atenci\u00f3n a las demandas recibidas por parte de la poblaci\u00f3n. Igualmente se reflejan cuantitativa y cualitativamente el desarrollo de los diferentes programas y proyectos.<\/p>\n\n\n\n<p>La Mancomunidad de Servicios Sociales comprende seis municipios situados en la zona este de la Comunidad de Madrid: Anchuelo, Corpa, Santorcaz, Pezuela de las Torres, Torres de la Alameda y Valverde. La poblaci\u00f3n que abarca nuestra Mancomunidad asciende a 12.483 habitantes. Son caracter\u00edsticas propias de esta zona rural la dispersi\u00f3n geogr\u00e1fica, las dificultades de transporte y de tejido industrial, el envejecimiento de la poblaci\u00f3n y la falta de recursos especializados ubicados en este \u00e1mbito territorial, entre otros.<\/p>\n\n\n\n<p>Durante el a\u00f1o 2024 la Mancomunidad ha desarrollado los proyectos incluidos en el Convenio de colaboraci\u00f3n firmado con la Comunidad a trav\u00e9s de la Consejer\u00eda de Familia, Juventud y Asuntos Sociales, para el desarrollo de la Atenci\u00f3n Social Primaria y otros programas por los servicios sociales de las entidades locales.<\/p>\n\n\n\n<p>Igualmente destacar que se ha firmado el convenio de colaboraci\u00f3n entre la Comunidad de Madrid a trav\u00e9s de la Consejer\u00eda de Familia, Juventud y Asuntos Sociales y esta Entidad Local, para el desarrollo en 2024 de actuaciones en materia de atenci\u00f3n a personas mayores en soledad, en el marco de la Red de Atenci\u00f3n a mayores en soledad de la Comunidad de Madrid.<\/p>\n\n\n\n<p>Reconociendo el compromiso y esfuerzo de los miembros del equipo t\u00e9cnico durante esta etapa y desde el deseo de continuar en la mejora de los servicios prestados a los ciudadanos de nuestros municipios, se presenta la Memoria de Actividades correspondiente al a\u00f1o 2024.<\/p>\n\n\n\n<p>Puedes descargarla en el siguiente enlace: <a href=\"https:\/\/drive.google.com\/file\/d\/1wv8lsuxr5hWN0BE_-hCCsqImo4wGHFsf\/view?usp=sharing\">https:\/\/drive.google.com\/file\/d\/1wv8lsuxr5hWN0BE_-hCCsqImo4wGHFsf\/view?usp=sharing<\/a><\/p>\n\n\n<a class=\"wp-block-read-more\" href=\"https:\/\/www.mancomunidadpantuena.org\/index.php\/memoria-centro-servicios-sociales-2024\/\" target=\"_self\">Leer m\u00e1s<span class=\"screen-reader-text\">: MEMORIA CENTRO SERVICIOS SOCIALES 2024<\/span><\/a>\n\n\n<p><\/p>\n","protected":false},"excerpt":{"rendered":"<p>La memoria que a continuaci\u00f3n se presenta pretende reflejar, a partir de los datos que las profesionales de los Servicios Sociales de Atenci\u00f3n Primaria han registrado en la aplicaci\u00f3n \u201cSistema de Informaci\u00f3n de Usuarios de Servicios Sociales\u201d (en adelante SIUSS), &hellip; <a href=\"https:\/\/www.mancomunidadpantuena.org\/index.php\/memoria-centro-servicios-sociales-2024\/\">Sigue leyendo <span class=\"meta-nav\">&rarr;<\/span><\/a><\/p>\n","protected":false},"author":1,"featured_media":845,"parent":0,"menu_order":0,"comment_status":"closed","ping_status":"closed","template":"","meta":{"footnotes":""},"class_list":["post-844","page","type-page","status-publish","has-post-thumbnail","hentry"],"_links":{"self":[{"href":"https:\/\/www.mancomunidadpantuena.org\/index.php\/wp-json\/wp\/v2\/pages\/844","targetHints":{"allow":["GET"]}}],"collection":[{"href":"https:\/\/www.mancomunidadpantuena.org\/index.php\/wp-json\/wp\/v2\/pages"}],"about":[{"href":"https:\/\/www.mancomunidadpantuena.org\/index.php\/wp-json\/wp\/v2\/types\/page"}],"author":[{"embeddable":true,"href":"https:\/\/www.mancomunidadpantuena.org\/index.php\/wp-json\/wp\/v2\/users\/1"}],"replies":[{"embeddable":true,"href":"https:\/\/www.mancomunidadpantuena.org\/index.php\/wp-json\/wp\/v2\/comments?post=844"}],"version-history":[{"count":3,"href":"https:\/\/www.mancomunidadpantuena.org\/index.php\/wp-json\/wp\/v2\/pages\/844\/revisions"}],"predecessor-version":[{"id":850,"href":"https:\/\/www.mancomunidadpantuena.org\/index.php\/wp-json\/wp\/v2\/pages\/844\/revisions\/850"}],"wp:featuredmedia":[{"embeddable":true,"href":"https:\/\/www.mancomunidadpantuena.org\/index.php\/wp-json\/wp\/v2\/media\/845"}],"wp:attachment":[{"href":"https:\/\/www.mancomunidadpantuena.org\/index.php\/wp-json\/wp\/v2\/media?parent=844"}],"curies":[{"name":"wp","href":"https:\/\/api.w.org\/{rel}","templated":true}]}}