{"id":290,"date":"2021-05-20T11:42:43","date_gmt":"2021-05-20T11:42:43","guid":{"rendered":"http:\/\/www.mancomunidadpantuena.org\/?page_id=290"},"modified":"2021-05-27T12:51:51","modified_gmt":"2021-05-27T12:51:51","slug":"quienes-somos","status":"publish","type":"page","link":"https:\/\/www.mancomunidadpantuena.org\/index.php\/quienes-somos\/","title":{"rendered":"Quienes somos"},"content":{"rendered":"<hr \/>\n<h3>\u00a0<\/h3>\n<p><img decoding=\"async\" class=\"aligncenter\" title=\"pueblos\" src=\"http:\/\/www.mancomunidadpantuena.org\/wp-content\/uploads\/2021\/04\/pueblos.jpg\" alt=\"pueblos\" \/><\/p>\n<h4 align=\"justify\">Toma su nombre del Arroyo Pantue\u00f1a, arroyo que nace en la localidad de Santorcaz y sigue curso oeste atravesando los municipios de Corpa\u00a0y Valverde de Alcal\u00e1, recibe las aguas del\u00a0arroyo de Anchuelo, \u00a0en el municipio de Torres de la Alameda y termina desembocando en el r\u00edo Jarama.<\/h4>\n<h4 align=\"justify\">La Mancomunidad Pantue\u00f1a se cre\u00f3 para la ejecuci\u00f3n en com\u00fan de los Servicios Sociales de evaluaci\u00f3n e informaci\u00f3n de situaciones de necesidad social y la atenci\u00f3n inmediata a personas en situaci\u00f3n o riesgo de exclusi\u00f3n social.<\/h4>\n<h4 align=\"justify\">Actualmente incluye tambi\u00e9n <em>el<\/em> Punto Municipal del Observatorio Regional de Violencia de G\u00e9nero y el desarrollo de actuaciones en materia de violencia de g\u00e9nero, igualdad de oportunidades y conciliaci\u00f3n de la vida laboral y familiar.<\/h4>\n<h4 align=\"justify\">Est\u00e1 integrada por los municipios de Anchuelo, Corpa, Pezuela de las Torres, Santorcaz, Torres de la Alameda y Valverde de Alcal\u00e1, ostentando la presidencia Torres de la Alameda.<\/h4>\n<h4 align=\"justify\">Es nuestro compromiso ofrecer una atenci\u00f3n de calidad, cercana y que responda a las necesidades de la ciudadan\u00eda, con una eficaz gesti\u00f3n de los recursos disponibles, adem\u00e1s de promover el desarrollo social de nuestros municipios y la mejora de su bienestar.<\/h4>\n\n\n<figure class=\"wp-block-gallery columns-0 is-cropped wp-block-gallery-1 is-layout-flex wp-block-gallery-is-layout-flex\"><ul class=\"blocks-gallery-grid\"><\/ul><\/figure>\n\n\n\n<p><\/p>\n","protected":false},"excerpt":{"rendered":"<p>\u00a0 Toma su nombre del Arroyo Pantue\u00f1a, arroyo que nace en la localidad de Santorcaz y sigue curso oeste atravesando los municipios de Corpa\u00a0y Valverde de Alcal\u00e1, recibe las aguas del\u00a0arroyo de Anchuelo, \u00a0en el municipio de Torres de la &hellip; <a href=\"https:\/\/www.mancomunidadpantuena.org\/index.php\/quienes-somos\/\">Sigue leyendo <span class=\"meta-nav\">&rarr;<\/span><\/a><\/p>\n","protected":false},"author":1,"featured_media":0,"parent":0,"menu_order":0,"comment_status":"closed","ping_status":"closed","template":"","meta":{"footnotes":""},"class_list":["post-290","page","type-page","status-publish","hentry"],"_links":{"self":[{"href":"https:\/\/www.mancomunidadpantuena.org\/index.php\/wp-json\/wp\/v2\/pages\/290","targetHints":{"allow":["GET"]}}],"collection":[{"href":"https:\/\/www.mancomunidadpantuena.org\/index.php\/wp-json\/wp\/v2\/pages"}],"about":[{"href":"https:\/\/www.mancomunidadpantuena.org\/index.php\/wp-json\/wp\/v2\/types\/page"}],"author":[{"embeddable":true,"href":"https:\/\/www.mancomunidadpantuena.org\/index.php\/wp-json\/wp\/v2\/users\/1"}],"replies":[{"embeddable":true,"href":"https:\/\/www.mancomunidadpantuena.org\/index.php\/wp-json\/wp\/v2\/comments?post=290"}],"version-history":[{"count":17,"href":"https:\/\/www.mancomunidadpantuena.org\/index.php\/wp-json\/wp\/v2\/pages\/290\/revisions"}],"predecessor-version":[{"id":400,"href":"https:\/\/www.mancomunidadpantuena.org\/index.php\/wp-json\/wp\/v2\/pages\/290\/revisions\/400"}],"wp:attachment":[{"href":"https:\/\/www.mancomunidadpantuena.org\/index.php\/wp-json\/wp\/v2\/media?parent=290"}],"curies":[{"name":"wp","href":"https:\/\/api.w.org\/{rel}","templated":true}]}}