{"id":238,"date":"2021-04-23T12:00:57","date_gmt":"2021-04-23T12:00:57","guid":{"rendered":"http:\/\/www.mancomunidadpantuena.org\/?page_id=238"},"modified":"2021-04-23T12:00:57","modified_gmt":"2021-04-23T12:00:57","slug":"terapia-familiar-e-intervencion-socioeducativa-con-familias","status":"publish","type":"page","link":"https:\/\/www.mancomunidadpantuena.org\/index.php\/terapia-familiar-e-intervencion-socioeducativa-con-familias\/","title":{"rendered":"Terapia familiar e Intervenci\u00f3n socioeducativa con familias"},"content":{"rendered":"\n<p>Desde el Programa de Intervenci\u00f3n Familiar se busca ayudar a las familias a resolver sus dificultades, no solo desde la falta de recursos socioecon\u00f3micos, sino de forma especial en el \u00e1mbito de las relaciones entre todos sus miembros.<\/p>\n\n\n\n<p>Son atenciones profesionales dirigidas a favorecer la convivencia y la integraci\u00f3n social de las familias, fomentando la adquisici\u00f3n de habilidades b\u00e1sicas y h\u00e1bitos de conducta, tanto en lo relativo a las capacidades personales como a las relaciones, en situaciones de crisis, riesgo, o vulnerabilidad de cualquier miembro de la unidad de convivencia.<\/p>\n\n\n\n<p>La necesidad de Intervenci\u00f3n Familiar se determinar\u00e1 tras la valoraci\u00f3n de las Trabajadoras Sociales de la Mancomunidad de Servicios Sociales Pantue\u00f1a.<\/p>\n","protected":false},"excerpt":{"rendered":"<p>Desde el Programa de Intervenci\u00f3n Familiar se busca ayudar a las familias a resolver sus dificultades, no solo desde la falta de recursos socioecon\u00f3micos, sino de forma especial en el \u00e1mbito de las relaciones entre todos sus miembros. Son atenciones &hellip; <a href=\"https:\/\/www.mancomunidadpantuena.org\/index.php\/terapia-familiar-e-intervencion-socioeducativa-con-familias\/\">Sigue leyendo <span class=\"meta-nav\">&rarr;<\/span><\/a><\/p>\n","protected":false},"author":1,"featured_media":0,"parent":0,"menu_order":0,"comment_status":"closed","ping_status":"closed","template":"","meta":{"footnotes":""},"class_list":["post-238","page","type-page","status-publish","hentry"],"_links":{"self":[{"href":"https:\/\/www.mancomunidadpantuena.org\/index.php\/wp-json\/wp\/v2\/pages\/238","targetHints":{"allow":["GET"]}}],"collection":[{"href":"https:\/\/www.mancomunidadpantuena.org\/index.php\/wp-json\/wp\/v2\/pages"}],"about":[{"href":"https:\/\/www.mancomunidadpantuena.org\/index.php\/wp-json\/wp\/v2\/types\/page"}],"author":[{"embeddable":true,"href":"https:\/\/www.mancomunidadpantuena.org\/index.php\/wp-json\/wp\/v2\/users\/1"}],"replies":[{"embeddable":true,"href":"https:\/\/www.mancomunidadpantuena.org\/index.php\/wp-json\/wp\/v2\/comments?post=238"}],"version-history":[{"count":1,"href":"https:\/\/www.mancomunidadpantuena.org\/index.php\/wp-json\/wp\/v2\/pages\/238\/revisions"}],"predecessor-version":[{"id":240,"href":"https:\/\/www.mancomunidadpantuena.org\/index.php\/wp-json\/wp\/v2\/pages\/238\/revisions\/240"}],"wp:attachment":[{"href":"https:\/\/www.mancomunidadpantuena.org\/index.php\/wp-json\/wp\/v2\/media?parent=238"}],"curies":[{"name":"wp","href":"https:\/\/api.w.org\/{rel}","templated":true}]}}