{"id":229,"date":"2021-04-23T11:44:13","date_gmt":"2021-04-23T11:44:13","guid":{"rendered":"http:\/\/www.mancomunidadpantuena.org\/?page_id=229"},"modified":"2021-04-23T11:44:14","modified_gmt":"2021-04-23T11:44:14","slug":"ayudas-para-la-mejora-de-condiciones-de-habitabilidad-de-la-vivienda","status":"publish","type":"page","link":"https:\/\/www.mancomunidadpantuena.org\/index.php\/ayudas-para-la-mejora-de-condiciones-de-habitabilidad-de-la-vivienda\/","title":{"rendered":"Ayudas para la mejora de condiciones de habitabilidad de la vivienda"},"content":{"rendered":"\n<p>La finalidad de estas ayudas es la de incidir en aquellas condiciones de la vivienda que puedan producir efectos acumulativos de factores de riesgo, que agudicen la situaci\u00f3n de dependencia o de aislamiento y falta de integraci\u00f3n social.<\/p>\n\n\n\n<p>El Servicio de ayudas complementarias de mejora de las condiciones de habitabilidad tiene como objetivo, favorecer la permanencia de los mayores en su propio domicilio y en su entorno, mejorar las condiciones de habitabilidad y de seguridad en el hogar de las personas mayores y eliminar barreras y proporcionar la accesibilidad, facilitar la movilidad interna o el apoyo a la atenci\u00f3n en cuidados b\u00e1sicos del beneficiario.<\/p>\n\n\n\n<p>BENEFICIARIOS<\/p>\n\n\n\n<ul class=\"wp-block-list\"><li>Personas mayores de 65 a\u00f1os<\/li><li>Personas con grado de dependencia reconocida al menos grado II.<\/li><\/ul>\n\n\n\n<p>TIPOS DE AYUDAS<\/p>\n\n\n\n<ol class=\"wp-block-list\"><li>Eliminaci\u00f3n de barreras arquitect\u00f3nicas y facilitaci\u00f3n de la comunicaci\u00f3n en el interior del domicilio<\/li><li>Mantenimiento de las condiciones m\u00ednimas de salubridad e higiene<\/li><li>Aumento de la seguridad en el entorno dom\u00e9stico y eliminaci\u00f3n de riesgo de accidente<\/li><\/ol>\n","protected":false},"excerpt":{"rendered":"<p>La finalidad de estas ayudas es la de incidir en aquellas condiciones de la vivienda que puedan producir efectos acumulativos de factores de riesgo, que agudicen la situaci\u00f3n de dependencia o de aislamiento y falta de integraci\u00f3n social. El Servicio &hellip; <a href=\"https:\/\/www.mancomunidadpantuena.org\/index.php\/ayudas-para-la-mejora-de-condiciones-de-habitabilidad-de-la-vivienda\/\">Sigue leyendo <span class=\"meta-nav\">&rarr;<\/span><\/a><\/p>\n","protected":false},"author":1,"featured_media":0,"parent":0,"menu_order":0,"comment_status":"closed","ping_status":"closed","template":"","meta":{"footnotes":""},"class_list":["post-229","page","type-page","status-publish","hentry"],"_links":{"self":[{"href":"https:\/\/www.mancomunidadpantuena.org\/index.php\/wp-json\/wp\/v2\/pages\/229","targetHints":{"allow":["GET"]}}],"collection":[{"href":"https:\/\/www.mancomunidadpantuena.org\/index.php\/wp-json\/wp\/v2\/pages"}],"about":[{"href":"https:\/\/www.mancomunidadpantuena.org\/index.php\/wp-json\/wp\/v2\/types\/page"}],"author":[{"embeddable":true,"href":"https:\/\/www.mancomunidadpantuena.org\/index.php\/wp-json\/wp\/v2\/users\/1"}],"replies":[{"embeddable":true,"href":"https:\/\/www.mancomunidadpantuena.org\/index.php\/wp-json\/wp\/v2\/comments?post=229"}],"version-history":[{"count":1,"href":"https:\/\/www.mancomunidadpantuena.org\/index.php\/wp-json\/wp\/v2\/pages\/229\/revisions"}],"predecessor-version":[{"id":230,"href":"https:\/\/www.mancomunidadpantuena.org\/index.php\/wp-json\/wp\/v2\/pages\/229\/revisions\/230"}],"wp:attachment":[{"href":"https:\/\/www.mancomunidadpantuena.org\/index.php\/wp-json\/wp\/v2\/media?parent=229"}],"curies":[{"name":"wp","href":"https:\/\/api.w.org\/{rel}","templated":true}]}}