{"id":193,"date":"2021-04-23T09:17:04","date_gmt":"2021-04-23T09:17:04","guid":{"rendered":"http:\/\/www.mancomunidadpantuena.org\/?page_id=193"},"modified":"2025-05-09T07:42:42","modified_gmt":"2025-05-09T07:42:42","slug":"teleasistencia-domiciliaria","status":"publish","type":"page","link":"https:\/\/www.mancomunidadpantuena.org\/index.php\/teleasistencia-domiciliaria\/","title":{"rendered":"Teleasistencia domiciliaria"},"content":{"rendered":"<p><img loading=\"lazy\" decoding=\"async\" class=\"alignright\" src=\"http:\/\/www.mancomunidadpantuena.org\/wp-content\/uploads\/2021\/04\/teleasistencia.jpg\" sizes=\"auto, (max-width: 575px) 100vw, 575px\" srcset=\"http:\/\/www.mancomunidadpantuena.org\/wp-content\/uploads\/2021\/04\/teleasistencia.jpg 575w, http:\/\/www.mancomunidadpantuena.org\/wp-content\/uploads\/2021\/04\/teleasistencia-300x169.jpg 300w\" alt=\"\" width=\"436\" height=\"245\"><\/p>\n\n\n<p>Este servicio de car\u00e1cter social que tiene como objetivo apoyar la permanencia de personas que se encuentren en situaci\u00f3n de riesgo por razones de edad, discapacidad, enfermedad o aislamiento social en su domicilio, proporcionando una serie de atenciones personalizadas que puedan mejorar sus condiciones de seguridad y compa\u00f1\u00eda en la vida cotidiana, potenciar la independencia y facilitar la integraci\u00f3n de la persona en su entorno habitual de convivencia, as\u00ed como detectar, prevenir y en su caso, intervenir en posibles situaciones de riesgo.<\/p>\n\n\n\n<p>Es un servicio t\u00e9cnico que ofrece atenci\u00f3n y apoyo personal y social continuo las 24 horas del d\u00eda los 365 d\u00edas del a\u00f1o, en sus modalidades fija y m\u00f3vil, a la vez que permitir detectar situaciones de crisis personal, social o m\u00e9dica y en su caso, intervenir inmediatamente en ellas.<\/p>\n\n\n\n<p><strong>Requisitos de los beneficiarios<\/strong><\/p>\n\n\n\n<p>1) Personas sin grado de dependencia.<\/p>\n\n\n\n<p>2) Estar empadronada y residir durante al menos 9 meses al a\u00f1o en alg\u00fan municipio de la Mancomunidad.<\/p>\n\n\n\n<p>3) Tener 65 o m\u00e1s a\u00f1os o menos si existe reconocimiento de discapacidad del 65% o 33% con movilidad reducida.<\/p>\n\n\n\n<p>4) Que la Teleasistencia sea un recurso id\u00f3neo y t\u00e9cnicamente adecuado, siendo compatible con otros servicios o prestaciones, salvo el de atenci\u00f3n residencial.<\/p>\n\n\n\n<p>5) Que no existan circunstancias excepcionales que, por su gravedad o complejidad, no hagan posible la correcta utilizaci\u00f3n del servicio o suponga riesgos no controlados para la propia persona usuaria o para terceros.<\/p>\n\n\n\n<p>6) Vivir solos o en compa\u00f1\u00eda de otras personas que no puedan atenderles en caso de emergencia.<\/p>\n\n\n\n<p>7) Tener capacidad f\u00edsica y ps\u00edquica suficiente que permita la correcta utilizaci\u00f3n del dispositivo. Dado el manejo del sistema deben excluirse personas con enfermedades mentales graves, adem\u00e1s de personas con deficiencias notorias de audici\u00f3n y\/o expresi\u00f3n oral.<\/p>\n\n\n\n<p>8) Garantizar la posibilidad de acceso a la vivienda en caso de emergencia.<\/p>\n\n\n\n<p>9) Disponer de tel\u00e9fono operativo y suministro el\u00e9ctrico. En el caso de terminal m\u00f3vil, adem\u00e1s de los requisitos anteriores, disponer en la zona de residencia cobertura de telefon\u00eda m\u00f3vil.<\/p>\n\n\n\n<p><a href=\"chrome-extension:\/\/efaidnbmnnnibpcajpcglclefindmkaj\/https:\/\/www.bocm.es\/boletin\/CM_Orden_BOCM\/2021\/12\/21\/BOCM-20211221-106.PDF\">chrome-extension:\/\/efaidnbmnnnibpcajpcglclefindmkaj\/https:\/\/www.bocm.es\/boletin\/CM_Orden_BOCM\/2021\/12\/21\/BOCM-20211221-106.PDF<\/a><\/p>\n\n\n\n<p><\/p>\n","protected":false},"excerpt":{"rendered":"<p>Este servicio de car\u00e1cter social que tiene como objetivo apoyar la permanencia de personas que se encuentren en situaci\u00f3n de riesgo por razones de edad, discapacidad, enfermedad o aislamiento social en su domicilio, proporcionando una serie de atenciones personalizadas que &hellip; <a href=\"https:\/\/www.mancomunidadpantuena.org\/index.php\/teleasistencia-domiciliaria\/\">Sigue leyendo <span class=\"meta-nav\">&rarr;<\/span><\/a><\/p>\n","protected":false},"author":1,"featured_media":883,"parent":0,"menu_order":0,"comment_status":"closed","ping_status":"closed","template":"","meta":{"footnotes":""},"class_list":["post-193","page","type-page","status-publish","has-post-thumbnail","hentry"],"_links":{"self":[{"href":"https:\/\/www.mancomunidadpantuena.org\/index.php\/wp-json\/wp\/v2\/pages\/193","targetHints":{"allow":["GET"]}}],"collection":[{"href":"https:\/\/www.mancomunidadpantuena.org\/index.php\/wp-json\/wp\/v2\/pages"}],"about":[{"href":"https:\/\/www.mancomunidadpantuena.org\/index.php\/wp-json\/wp\/v2\/types\/page"}],"author":[{"embeddable":true,"href":"https:\/\/www.mancomunidadpantuena.org\/index.php\/wp-json\/wp\/v2\/users\/1"}],"replies":[{"embeddable":true,"href":"https:\/\/www.mancomunidadpantuena.org\/index.php\/wp-json\/wp\/v2\/comments?post=193"}],"version-history":[{"count":6,"href":"https:\/\/www.mancomunidadpantuena.org\/index.php\/wp-json\/wp\/v2\/pages\/193\/revisions"}],"predecessor-version":[{"id":885,"href":"https:\/\/www.mancomunidadpantuena.org\/index.php\/wp-json\/wp\/v2\/pages\/193\/revisions\/885"}],"wp:featuredmedia":[{"embeddable":true,"href":"https:\/\/www.mancomunidadpantuena.org\/index.php\/wp-json\/wp\/v2\/media\/883"}],"wp:attachment":[{"href":"https:\/\/www.mancomunidadpantuena.org\/index.php\/wp-json\/wp\/v2\/media?parent=193"}],"curies":[{"name":"wp","href":"https:\/\/api.w.org\/{rel}","templated":true}]}}